{"id":123232,"date":"2018-09-17T19:01:33","date_gmt":"2018-09-17T16:01:33","guid":{"rendered":"http:\/\/old.mlcpower.ro\/?page_id=123232\/"},"modified":"2019-12-12T16:45:34","modified_gmt":"2019-12-12T14:45:34","slug":"itthon","status":"publish","type":"page","link":"https:\/\/mlcpower.ro\/hu\/","title":{"rendered":"ITTHON"},"content":{"rendered":"<p>[vc_row el_class=&#8221;home-slider&#8221;][vc_column]<div class=\"porto-carousel owl-carousel  m-b-none porto-standable-carousel home-banner-slider nav-inside nav-inside-center\" data-plugin-options=\"{&quot;stagePadding&quot;:0,&quot;margin&quot;:0,&quot;autoplay&quot;:&quot;yes&quot;,&quot;autoplayTimeout&quot;:5000,&quot;autoplayHoverPause&quot;:&quot;true&quot;,&quot;items&quot;:1,&quot;lg&quot;:1,&quot;md&quot;:1,&quot;sm&quot;:1,&quot;xs&quot;:1,&quot;nav&quot;:false,&quot;dots&quot;:&quot;yes&quot;,&quot;animateIn&quot;:&quot;&quot;,&quot;animateOut&quot;:&quot;&quot;,&quot;loop&quot;:false,&quot;center&quot;:false,&quot;video&quot;:false,&quot;lazyLoad&quot;:&quot;yes&quot;,&quot;fullscreen&quot;:false}\"><div class=\"porto-ibanner  banner-first \"  style=\"background:#c4dfe9;\" data-opacity=\"1\" data-hover-opacity=\"1\"><img loading=\"lazy\" decoding=\"async\" class=\"porto-ibanner-img\" style=\"opacity:1;\" alt=\"\" src=\"https:\/\/mlcpower.ro\/wp-content\/uploads\/OPKON-BANNER-1.jpg\" width=\"1024\" height=\"260\" \/><div id=\"interactive-banner-wrap-1110\" class=\"porto-ibanner-desc\" style=\"\"><div class=\"porto-ibanner-content\" style=\"color:#0e2f40;\"><div class=\"container\">\n<div class=\"banner-text\">\n<p style=\"text-align: left;\"><a class=\"btn btn-primary btn-lg\" href=\"http:\/\/mlcpower.ro\/hu\/categorie-produs\/opkon-hu\/\">N\u00e9zd meg a term\u00e9keket<br \/>\n<\/a><\/p>\n<p style=\"text-align: left;\"><span style=\"color: #ffffff;\">1993 \u00f3ta m\u0171k\u00f6dik Mustafa Kenan \u00d6zeren.OPKON, elektronikus m\u00e9rn\u00f6k<\/span><\/p>\n<\/div>\n<\/div>\n<\/div><\/div><\/div><div class=\"porto-ibanner  banner-first \"  style=\"background:#c4dfe9;\" data-opacity=\"1\" data-hover-opacity=\"1\"><img loading=\"lazy\" decoding=\"async\" class=\"porto-ibanner-img\" style=\"opacity:1;\" alt=\"\" src=\"https:\/\/mlcpower.ro\/wp-content\/uploads\/banner-pizzato-1-1.jpg\" width=\"1024\" height=\"260\" \/><div id=\"interactive-banner-wrap-9308\" class=\"porto-ibanner-desc\" style=\"\"><div class=\"porto-ibanner-content\" style=\"color:#0e2f40;\"><div class=\"container\">\n<div class=\"banner-text\">\n<p style=\"text-align: left;\"><a class=\"btn btn-primary btn-lg\" href=\"http:\/\/mlcpower.ro\/hu\/categorie-produs\/pizzato-hu\/\">N\u00e9zd meg a term\u00e9keket<\/a><\/p>\n<p><span style=\"color: #ffffff;\">t\u00f6bb mint 7000 alapterm\u00e9ket k\u00edn\u00e1l<\/span><br \/>\n<span style=\"color: #ffffff;\">\u00e9s mintegy 1500 speci\u00e1lis k\u00f3dot,<\/span><\/p>\n<p><span style=\"color: #ffffff;\">bele\u00e9rtve az elemek testreszabhat\u00f3s\u00e1g\u00e1t is.<\/span><\/p>\n<\/div>\n<\/div>\n<\/div><\/div><\/div><div class=\"porto-ibanner  banner-first \"  style=\"background:#c4dfe9;\" data-opacity=\"1\" data-hover-opacity=\"1\"><img loading=\"lazy\" decoding=\"async\" class=\"porto-ibanner-img\" style=\"opacity:1;\" alt=\"\" src=\"https:\/\/mlcpower.ro\/wp-content\/uploads\/banner-microdetectors-1.jpg\" width=\"1024\" height=\"260\" \/><div id=\"interactive-banner-wrap-9538\" class=\"porto-ibanner-desc\" style=\"\"><div class=\"porto-ibanner-content\" style=\"color:#0e2f40;\"><div class=\"container\">\n<div class=\"banner-text\">\n<p style=\"text-align: left;\"><a class=\"btn btn-primary btn-lg\" href=\"http:\/\/mlcpower.ro\/hu\/categorie-produs\/md-micro-detectors-hu\/\">N\u00e9zd meg a term\u00e9keket<\/a><\/p>\n<p><span style=\"color: #ffffff;\">1971 \u00f3ta tervez \u00e9s gy\u00e1rt<\/span><\/p>\n<p><span style=\"color: #ffffff;\">az ipari szenzorok sz\u00e9les v\u00e1laszt\u00e9k\u00e1t.<\/span><\/p>\n<\/div>\n<\/div>\n<\/div><\/div><\/div><div class=\"porto-ibanner  banner-first \"  style=\"background:#c4dfe9;\" data-opacity=\"1\" data-hover-opacity=\"1\"><img loading=\"lazy\" decoding=\"async\" class=\"porto-ibanner-img\" style=\"opacity:1;\" alt=\"\" src=\"https:\/\/mlcpower.ro\/wp-content\/uploads\/banner-eltra-1-1.jpg\" width=\"1024\" height=\"260\" \/><div id=\"interactive-banner-wrap-3163\" class=\"porto-ibanner-desc\" style=\"\"><div class=\"porto-ibanner-content\" style=\"color:#0e2f40;\"><div class=\"container\">\n<div class=\"banner-text\">\n<p style=\"text-align: left;\"><a class=\"btn btn-primary btn-lg\" href=\"http:\/\/mlcpower.ro\/hu\/categorie-produs\/eltra-hu\/\">N\u00e9zd meg a term\u00e9keket<\/a><\/p>\n<p style=\"text-align: left;\"><span style=\"color: #ffffff;\">1985 \u00f3ta a k\u00f3dol\u00e1si termel\u00e9s vezet\u0151je.<\/span><\/p>\n<\/div>\n<\/div>\n<\/div><\/div><\/div><\/div>[\/vc_column][\/vc_row][vc_row content_placement=&#8221;middle&#8221; wrap_container=&#8221;yes&#8221; css=&#8221;.vc_custom_1515747388671{margin-bottom: 30px !important;border-bottom-width: 1px !important;padding-right: 40px !important;padding-left: 40px !important;border-bottom-color: #e5e7e7 !important;border-bottom-style: solid !important;}&#8221; el_class=&#8221;home-bar&#8221;][vc_column width=&#8221;1\/3&#8243; css=&#8221;.vc_custom_1514333251618{padding-top: 20px !important;}&#8221; el_class=&#8221;col-sm-4&#8243;]<div class=\"porto-sicon-wrapper style_1\"><div class=\"porto-sicon-box default-icon\" style=\"\"  ><div class=\"porto-sicon-default\"><div id=\"porto-icon-122363966369f34d53cbdf4\" class=\"porto-just-icon-wrapper  \"><div class=\"align-icon\" style=\"text-align:center;\">\n<div class=\"porto-icon none \"  style=\"color:#4b4b4b;font-size:40px;display:inline-block;\">\n\t<i class=\"porto-icon-shipping\"><\/i>\n<\/div><\/div><\/div><\/div><div class=\"porto-sicon-header\" ><h3 class=\"porto-sicon-title\" style=\"font-weight:600;font-size:14px;color:#465157;\">NEMZETK\u00d6ZI FELADAT<\/h3><\/div> <!-- header --><\/div> <!-- porto-sicon-box --><\/div>[\/vc_column][vc_column width=&#8221;1\/3&#8243; text_align=&#8221;center&#8221; css=&#8221;.vc_custom_1514333256445{border-right-width: 1px !important;border-left-width: 1px !important;padding-top: 20px !important;border-left-color: #ffffff !important;border-left-style: solid !important;border-right-color: #ffffff !important;border-right-style: solid !important;}&#8221; el_class=&#8221;col-sm-4&#8243;]<div class=\"porto-sicon-wrapper style_1\"><div class=\"porto-sicon-box default-icon\" style=\"\"  ><div class=\"porto-sicon-default\"><div id=\"porto-icon-211957791369f34d53cc0c0\" class=\"porto-just-icon-wrapper  \"><div class=\"align-icon\" style=\"text-align:center;\">\n<div class=\"porto-icon none \"  style=\"color:#4b4b4b;font-size:40px;display:inline-block;\">\n\t<i class=\"fa fa-building-o\"><\/i>\n<\/div><\/div><\/div><\/div><div class=\"porto-sicon-header\" ><h3 class=\"porto-sicon-title\" style=\"font-weight:600;font-size:14px;color:#465157;\">T\u00c1ROL\u00c1SI SZ\u00c1LL\u00cdT\u00c1S<\/h3><\/div> <!-- header --><\/div> <!-- porto-sicon-box --><\/div>[\/vc_column][vc_column width=&#8221;1\/3&#8243; text_align=&#8221;center&#8221; css=&#8221;.vc_custom_1514333261342{padding-top: 20px !important;}&#8221; el_class=&#8221;col-sm-4&#8243;]<div class=\"porto-sicon-wrapper style_1\"><div class=\"porto-sicon-box default-icon\" style=\"\"  ><div class=\"porto-sicon-default\"><div id=\"porto-icon-78816067769f34d53cc36d\" class=\"porto-just-icon-wrapper  \"><div class=\"align-icon\" style=\"text-align:center;\">\n<div class=\"porto-icon none \"  style=\"color:#4b4b4b;font-size:40px;display:inline-block;\">\n\t<i class=\"porto-icon-support\"><\/i>\n<\/div><\/div><\/div><\/div><div class=\"porto-sicon-header\" ><h3 class=\"porto-sicon-title\" style=\"font-weight:600;font-size:14px;color:#465157;\">SEG\u00cdTS\u00c9G 24\/7<\/h3><\/div> <!-- header --><\/div> <!-- porto-sicon-box --><\/div>[\/vc_column][\/vc_row][vc_row][vc_column width=&#8221;1\/3&#8243;]<div class=\"porto-u-heading \" data-hspacer=\"no_spacer\" data-halign=\"center\" style=\"text-align:center\"><div class=\"porto-u-heading-spacer no_spacer\" style=\"\"><\/div><div class=\"porto-u-main-heading\"><h2 style=\"\">OPKON<\/h2><\/div><\/div>[vc_single_image image=&#8221;123110&#8243; img_size=&#8221;full&#8221; onclick=&#8221;custom_link&#8221; hover_effect=&#8221;yes&#8221; link=&#8221;http:\/\/mlcpower.ro\/categorie-produs\/opkon\/&#8221;][\/vc_column][vc_column width=&#8221;1\/3&#8243;]<div class=\"porto-u-heading \" data-hspacer=\"no_spacer\" data-halign=\"center\" style=\"text-align:center\"><div class=\"porto-u-heading-spacer no_spacer\" style=\"\"><\/div><div class=\"porto-u-main-heading\"><h2 style=\"\">DATALOGIC<\/h2><\/div><\/div>[vc_single_image image=&#8221;124249&#8243; img_size=&#8221;full&#8221; onclick=&#8221;custom_link&#8221; hover_effect=&#8221;yes&#8221; link=&#8221;https:\/\/mlcpower.ro\/hu\/categorie-produs\/datalogic-hu\/&#8221; label=&#8221;&#8221;][\/vc_column][vc_column width=&#8221;1\/3&#8243;]<div class=\"porto-u-heading \" data-hspacer=\"no_spacer\" data-halign=\"center\" style=\"text-align:center\"><div class=\"porto-u-heading-spacer no_spacer\" style=\"\"><\/div><div class=\"porto-u-main-heading\"><h2 style=\"\">MD MICRODETECTORS<\/h2><\/div><\/div>[vc_single_image image=&#8221;123113&#8243; img_size=&#8221;full&#8221; onclick=&#8221;custom_link&#8221; hover_effect=&#8221;yes&#8221; link=&#8221;http:\/\/mlcpower.ro\/categorie-produs\/md-micro-detectors\/&#8221;][\/vc_column][\/vc_row][vc_row][vc_column width=&#8221;1\/3&#8243;]<div class=\"porto-u-heading \" data-hspacer=\"no_spacer\" data-halign=\"center\" style=\"text-align:center\"><div class=\"porto-u-heading-spacer no_spacer\" style=\"\"><\/div><div class=\"porto-u-main-heading\"><h2 style=\"\">PIZZATO<\/h2><\/div><\/div>[vc_single_image image=&#8221;123116&#8243; img_size=&#8221;full&#8221; onclick=&#8221;custom_link&#8221; hover_effect=&#8221;yes&#8221; link=&#8221;http:\/\/mlcpower.ro\/categorie-produs\/pizzato\/&#8221;][\/vc_column][vc_column width=&#8221;1\/3&#8243;]<div class=\"porto-u-heading \" data-hspacer=\"no_spacer\" data-halign=\"center\" style=\"text-align:center\"><div class=\"porto-u-heading-spacer no_spacer\" style=\"\"><\/div><div class=\"porto-u-main-heading\"><h2 style=\"\">ICM MOTORI<\/h2><\/div><\/div>[vc_single_image image=&#8221;123128&#8243; img_size=&#8221;full&#8221; onclick=&#8221;custom_link&#8221; hover_effect=&#8221;yes&#8221; link=&#8221;http:\/\/mlcpower.ro\/categorie-produs\/icm-motori-srl\/&#8221;][\/vc_column][vc_column width=&#8221;1\/3&#8243;]<div class=\"porto-u-heading \" data-hspacer=\"no_spacer\" data-halign=\"center\" style=\"text-align:center\"><div class=\"porto-u-heading-spacer no_spacer\" style=\"\"><\/div><div class=\"porto-u-main-heading\"><h2 style=\"\">GEFRAN<\/h2><\/div><\/div>[vc_single_image image=&#8221;123131&#8243; img_size=&#8221;full&#8221; onclick=&#8221;custom_link&#8221; hover_effect=&#8221;yes&#8221; link=&#8221;http:\/\/mlcpower.ro\/categorie-produs\/eltra\/&#8221;][\/vc_column][\/vc_row][vc_row][vc_column width=&#8221;1\/3&#8243;]<div class=\"porto-u-heading \" data-hspacer=\"no_spacer\" data-halign=\"center\" style=\"text-align:center\"><div class=\"porto-u-heading-spacer no_spacer\" style=\"\"><\/div><div class=\"porto-u-main-heading\"><h2 style=\"\">GIOVENZANA<\/h2><\/div><\/div>[vc_single_image image=&#8221;123134&#8243; img_size=&#8221;full&#8221; onclick=&#8221;custom_link&#8221; hover_effect=&#8221;yes&#8221; link=&#8221;http:\/\/mlcpower.ro\/categorie-produs\/giovenzana\/&#8221;][\/vc_column][vc_column width=&#8221;1\/3&#8243;]<div class=\"porto-u-heading \" data-hspacer=\"no_spacer\" data-halign=\"center\" style=\"text-align:center\"><div class=\"porto-u-heading-spacer no_spacer\" style=\"\"><\/div><div class=\"porto-u-main-heading\"><h2 style=\"\">EATON<\/h2><\/div><\/div>[vc_single_image image=&#8221;123119&#8243; img_size=&#8221;full&#8221; onclick=&#8221;custom_link&#8221; hover_effect=&#8221;yes&#8221; link=&#8221;http:\/\/mlcpower.ro\/categorie-produs\/eaton\/&#8221;][\/vc_column][vc_column width=&#8221;1\/3&#8243;]<div class=\"porto-u-heading \" data-hspacer=\"no_spacer\" data-halign=\"center\" style=\"text-align:center\"><div class=\"porto-u-heading-spacer no_spacer\" style=\"\"><\/div><div class=\"porto-u-main-heading\"><h2 style=\"\">ELTRA<\/h2><\/div><\/div>[vc_single_image image=&#8221;123122&#8243; img_size=&#8221;full&#8221; onclick=&#8221;custom_link&#8221; hover_effect=&#8221;yes&#8221; link=&#8221;http:\/\/mlcpower.ro\/categorie-produs\/eltra\/&#8221;][\/vc_column][\/vc_row][vc_row][vc_column width=&#8221;1\/3&#8243;]<div class=\"porto-u-heading \" data-hspacer=\"no_spacer\" data-halign=\"center\" style=\"text-align:center\"><div class=\"porto-u-heading-spacer no_spacer\" style=\"\"><\/div><div class=\"porto-u-main-heading\"><h2 style=\"\">ESA AUTOMATION<\/h2><\/div><\/div>[vc_single_image image=&#8221;123125&#8243; img_size=&#8221;full&#8221; onclick=&#8221;custom_link&#8221; hover_effect=&#8221;yes&#8221; link=&#8221;http:\/\/mlcpower.ro\/categorie-produs\/esa-automation\/&#8221;][\/vc_column][vc_column width=&#8221;1\/3&#8243;]<div class=\"porto-u-heading \" data-hspacer=\"no_spacer\" data-halign=\"center\" style=\"text-align:center\"><div class=\"porto-u-heading-spacer no_spacer\" style=\"\"><\/div><div class=\"porto-u-main-heading\"><h2 style=\"\">SCAME<\/h2><\/div><\/div>[vc_single_image image=&#8221;123137&#8243; img_size=&#8221;full&#8221; onclick=&#8221;custom_link&#8221; hover_effect=&#8221;yes&#8221; link=&#8221;http:\/\/mlcpower.ro\/categorie-produs\/scame-electrical-solutions\/&#8221;][\/vc_column][vc_column width=&#8221;1\/3&#8243;]<div class=\"porto-u-heading \" data-hspacer=\"no_spacer\" data-halign=\"center\" style=\"text-align:center\"><div class=\"porto-u-heading-spacer no_spacer\" style=\"\"><\/div><div class=\"porto-u-main-heading\"><h2 style=\"\">F.M.S AG<\/h2><\/div><\/div>[vc_single_image image=&#8221;123140&#8243; img_size=&#8221;full&#8221; onclick=&#8221;custom_link&#8221; hover_effect=&#8221;yes&#8221; link=&#8221;http:\/\/mlcpower.ro\/categorie-produs\/fms-force-measuring-systems-ag\/&#8221;][\/vc_column][\/vc_row][vc_row][vc_column width=&#8221;1\/3&#8243;]<div class=\"porto-u-heading \" data-hspacer=\"no_spacer\" data-halign=\"center\" style=\"text-align:center\"><div class=\"porto-u-heading-spacer no_spacer\" style=\"\"><\/div><div class=\"porto-u-main-heading\"><h2 style=\"\">R.T.A<\/h2><\/div><\/div>[vc_single_image image=&#8221;123143&#8243; img_size=&#8221;full&#8221; onclick=&#8221;custom_link&#8221; hover_effect=&#8221;yes&#8221; link=&#8221;http:\/\/mlcpower.ro\/categorie-produs\/r-t-a-srl\/&#8221;][\/vc_column][vc_column width=&#8221;1\/3&#8243;]<div class=\"porto-u-heading \" data-hspacer=\"no_spacer\" data-halign=\"center\" style=\"text-align:center\"><div class=\"porto-u-heading-spacer no_spacer\" style=\"\"><\/div><div class=\"porto-u-main-heading\"><h2 style=\"\">Z LASER<\/h2><\/div><\/div>[vc_single_image image=&#8221;123146&#8243; img_size=&#8221;full&#8221; alignment=&#8221;center&#8221; onclick=&#8221;custom_link&#8221; hover_effect=&#8221;yes&#8221; link=&#8221;http:\/\/mlcpower.ro\/categorie-produs\/z-laser\/&#8221;][\/vc_column][vc_column width=&#8221;1\/3&#8243;]<div class=\"porto-u-heading \" data-hspacer=\"no_spacer\" data-halign=\"center\" style=\"text-align:center\"><div class=\"porto-u-heading-spacer no_spacer\" style=\"\"><\/div><div class=\"porto-u-main-heading\"><h2 style=\"\">K\u00fcl\u00f6nb\u00f6z\u0151 m\u00e1rk\u00e1k<\/h2><\/div><\/div>[vc_single_image image=&#8221;123149&#8243; img_size=&#8221;full&#8221; alignment=&#8221;center&#8221; onclick=&#8221;custom_link&#8221; hover_effect=&#8221;yes&#8221; link=&#8221;http:\/\/mlcpower.ro\/categorie-produs\/alte-branduri\/&#8221;][\/vc_column][\/vc_row][vc_row full_width=&#8221;stretch_row&#8221; css=&#8221;.vc_custom_1536789286462{background-color: #eaeaea !important;}&#8221;][vc_column][vc_empty_space height=&#8221;25px&#8221;]<div class=\"porto-products wpb_content_element\"><h2 class=\"slider-title\"><span class=\"inline-title\">PROMO<\/span><span class=\"line\"><\/span><\/h2><div class=\"slider-wrapper\"><div class=\"woocommerce columns-6 \"><\/div><\/div><\/div>[\/vc_column][\/vc_row][vc_row][vc_column]<div class=\"porto-products wpb_content_element\"><h2 class=\"slider-title\"><span class=\"inline-title\">LEGKERESETTEBB<\/span><span class=\"line\"><\/span><\/h2><div class=\"slider-wrapper\"><div class=\"woocommerce columns-6 \"><ul class=\"products products-container products-slider owl-carousel show-nav-title pcols-lg-6 pcols-md-5 pcols-xs-3 pcols-ls-2 pwidth-lg-6 pwidth-md-5 pwidth-xs-3 pwidth-ls-2\" data-plugin-options=\"{&quot;themeConfig&quot;:true,&quot;lg&quot;:6,&quot;md&quot;:5,&quot;xs&quot;:3,&quot;ls&quot;:2,&quot;nav&quot;:true}\">\r\n<li class=\"product-col show-links-outimage product type-product post-126173 status-publish first instock product_cat-encoder-magnetic-hu product_cat-opkon-hu has-post-thumbnail taxable shipping-taxable purchasable product-type-simple\">\r\n<div class=\"product-inner\">\r\n\t<a href=\"https:\/\/mlcpower.ro\/hu\/produs\/opkon-encoder-magnetic-mrv-50a\/\" class=\"woocommerce-LoopProduct-link woocommerce-loop-product__link\">\r\n    <div class=\"product-image\">\r\n\t\t\t\t\t\t<div class=\"loader-container\"><div class=\"loader\"><i class=\"porto-ajax-loader\"><\/i><\/div><\/div>\r\n\t\t\t\t<div class=\"after-loading-success-message\">\r\n\t\t\t\t\t<div class=\"background-overlay\"><\/div>\r\n\t\t\t\t\t<div class=\"loader success-message-container\">\r\n\t\t\t\t\t\t<div class=\"msg-box\">\r\n\t\t\t\t\t\t\t<div class=\"msg\">Mostant\u00f3l a term\u00e9khez hozz\u00e1adta a term\u00e9ket:\r\n:<p class=\"product-name text-color-primary\">Opkon Encoder Magnetic MRV 50A<\/p><\/div>\r\n\t\t\t\t\t\t\t<img loading=\"lazy\" decoding=\"async\" width=\"700\" height=\"350\" src=\"https:\/\/mlcpower.ro\/wp-content\/uploads\/2017\/05\/MRV-50A.jpg\" class=\"attachment-post-thumbnail size-post-thumbnail wp-post-image\" alt=\"\" srcset=\"https:\/\/mlcpower.ro\/wp-content\/uploads\/2017\/05\/MRV-50A.jpg 700w, https:\/\/mlcpower.ro\/wp-content\/uploads\/2017\/05\/MRV-50A-600x300.jpg 600w\" sizes=\"auto, (max-width: 700px) 100vw, 700px\" \/>\t\t\t\t\t\t<\/div>\r\n\t\t\t\t\t\t<button class=\"button btn-primay viewcart\" data-link=\"https:\/\/mlcpower.ro\/hu\/cos\/\">Kos\u00e1rba<\/button>\r\n\t\t\t\t\t\t<button class=\"button btn-primay continue_shopping\">Folytat\u00f3dik<\/button>\r\n\t\t\t\t\t<\/div>\r\n\t\t\t\t<\/div>\r\n\t\t\t\t\r\n        <a  href=\"https:\/\/mlcpower.ro\/hu\/produs\/opkon-encoder-magnetic-mrv-50a\/\">\r\n            <div class=\"inner\"><img loading=\"lazy\" decoding=\"async\" width=\"300\" height=\"300\" src=\"https:\/\/mlcpower.ro\/wp-content\/uploads\/2017\/05\/MRV-50A-300x300.jpg\" class=\" wp-post-image\" alt=\"\" srcset=\"https:\/\/mlcpower.ro\/wp-content\/uploads\/2017\/05\/MRV-50A-300x300.jpg 300w, https:\/\/mlcpower.ro\/wp-content\/uploads\/2017\/05\/MRV-50A-150x150.jpg 150w\" sizes=\"auto, (max-width: 300px) 100vw, 300px\" \/><\/div><img loading=\"lazy\" decoding=\"async\" width=\"300\" height=\"300\" src=\"https:\/\/mlcpower.ro\/wp-content\/uploads\/2017\/05\/MRV-50A-300x300.jpg\" class=\"attachment-woocommerce_thumbnail size-woocommerce_thumbnail\" alt=\"\" srcset=\"https:\/\/mlcpower.ro\/wp-content\/uploads\/2017\/05\/MRV-50A-300x300.jpg 300w, https:\/\/mlcpower.ro\/wp-content\/uploads\/2017\/05\/MRV-50A-150x150.jpg 150w\" sizes=\"auto, (max-width: 300px) 100vw, 300px\" \/>        <\/a>\r\n\r\n        <div class=\"links-on-image\">\r\n            <div class=\"add-links-wrap\">\r\n    <div class=\"add-links  clearfix\">\r\n        <a href=\"?add-to-cart=126173\" data-quantity=\"1\" class=\"viewcart-style-2 button product_type_simple add_to_cart_button ajax_add_to_cart\" data-product_id=\"126173\" data-product_sku=\"6850f9e5a739\" aria-label=\"Add &ldquo;Opkon Encoder Magnetic MRV 50A&rdquo; to your cart\" rel=\"nofollow\">Add to cart<\/a><div class=\"quickview\" data-id=\"126173\" title=\"Vizualizare Rapida\">Vizualizare Rapida<\/div>    <\/div>\r\n<\/div>        <\/div>\r\n    <\/div>\r\n\r\n\t\r\n\r\n<div class=\"rating-wrap\">\r\r\n    <span class=\"rating-before\"><span class=\"rating-line\"><\/span><\/span>\r\r\n    <div class=\"rating-content\"><div class=\"star-rating\" title=\"0\"><span style=\"width:0%\"><strong class=\"rating\">0<\/strong> out of 5<\/span><\/div><\/div>\r\r\n    <span class=\"rating-after\"><span class=\"rating-line\"><\/span><\/span>\r\r\n<\/div>\r\r\n\r\n\r\n    \r\n        <a class=\"product-loop-title\"  href=\"https:\/\/mlcpower.ro\/hu\/produs\/opkon-encoder-magnetic-mrv-50a\/\"><h3 class=\"woocommerce-loop-product__title\">Opkon Encoder Magnetic MRV 50A<\/h3><h2 class=\"woocommerce-loop-product__title\">Opkon Encoder Magnetic MRV 50A<\/h2><\/a>    \r\n    \n\t<span class=\"price\"><span class=\"woocommerce-Price-amount amount\">105,00&nbsp;<span class=\"woocommerce-Price-currencySymbol\">&euro;<\/span><\/span><\/span>\n\r\n    <\/a><div class=\"add-links-wrap\">\r\n    <div class=\"add-links  clearfix\">\r\n        <a href=\"?add-to-cart=126173\" data-quantity=\"1\" class=\"viewcart-style-2 button product_type_simple add_to_cart_button ajax_add_to_cart\" data-product_id=\"126173\" data-product_sku=\"6850f9e5a739\" aria-label=\"Add &ldquo;Opkon Encoder Magnetic MRV 50A&rdquo; to your cart\" rel=\"nofollow\">Add to cart<\/a><div class=\"quickview\" data-id=\"126173\" title=\"Vizualizare Rapida\">Vizualizare Rapida<\/div>    <\/div>\r\n<\/div>\r\n<\/div>\r\n<\/li><\/ul><\/div><\/div><\/div>[\/vc_column][\/vc_row][vc_row wrap_container=&#8221;yes&#8221; animation_type=&#8221;fadeInUp&#8221; css=&#8221;.vc_custom_1515733107116{padding-top: 50px !important;padding-bottom: 30px !important;}&#8221;][vc_column]<div class=\"porto-u-heading \" data-hspacer=\"no_spacer\" data-halign=\"center\" style=\"text-align:center\"><div class=\"porto-u-heading-spacer no_spacer\" style=\"\"><\/div><div class=\"porto-u-main-heading\"><h2 style=\"font-family:Open Sans; font-weight:400; font-style:normal; font-weight: 400;color:#000000;font-size: 36px;\">PARTNERS<\/h2><\/div><\/div><div class=\"porto-carousel owl-carousel  stage-margin\" data-plugin-options=\"{&quot;stagePadding&quot;:40,&quot;margin&quot;:0,&quot;autoplay&quot;:&quot;yes&quot;,&quot;autoplayTimeout&quot;:5000,&quot;autoplayHoverPause&quot;:false,&quot;items&quot;:6,&quot;lg&quot;:4,&quot;md&quot;:3,&quot;sm&quot;:2,&quot;xs&quot;:1,&quot;nav&quot;:&quot;yes&quot;,&quot;dots&quot;:false,&quot;animateIn&quot;:&quot;&quot;,&quot;animateOut&quot;:&quot;&quot;,&quot;loop&quot;:&quot;yes&quot;,&quot;center&quot;:false,&quot;video&quot;:false,&quot;lazyLoad&quot;:false,&quot;fullscreen&quot;:false}\">[vc_single_image image=&#8221;123153&#8243; img_size=&#8221;full&#8221; alignment=&#8221;center&#8221; onclick=&#8221;custom_link&#8221; k=&#8221;#&#8221;][vc_single_image image=&#8221;123156&#8243; img_size=&#8221;full&#8221; alignment=&#8221;center&#8221; onclick=&#8221;custom_link&#8221; k=&#8221;#&#8221;][vc_single_image image=&#8221;123159&#8243; img_size=&#8221;full&#8221; alignment=&#8221;center&#8221; onclick=&#8221;custom_link&#8221; k=&#8221;#&#8221;][vc_single_image image=&#8221;123162&#8243; img_size=&#8221;full&#8221; alignment=&#8221;center&#8221; onclick=&#8221;custom_link&#8221; k=&#8221;#&#8221;][vc_single_image image=&#8221;123165&#8243; img_size=&#8221;full&#8221; alignment=&#8221;center&#8221; onclick=&#8221;custom_link&#8221; k=&#8221;#&#8221;][vc_single_image image=&#8221;123168&#8243; img_size=&#8221;full&#8221; alignment=&#8221;center&#8221; onclick=&#8221;custom_link&#8221; k=&#8221;#&#8221;][vc_single_image image=&#8221;123171&#8243; img_size=&#8221;full&#8221; alignment=&#8221;center&#8221; onclick=&#8221;custom_link&#8221; k=&#8221;#&#8221;][vc_single_image image=&#8221;123174&#8243; img_size=&#8221;full&#8221; alignment=&#8221;center&#8221; onclick=&#8221;custom_link&#8221; k=&#8221;#&#8221;][vc_single_image image=&#8221;123177&#8243; img_size=&#8221;full&#8221; alignment=&#8221;center&#8221; onclick=&#8221;custom_link&#8221; k=&#8221;#&#8221;][vc_single_image image=&#8221;123180&#8243; img_size=&#8221;full&#8221; alignment=&#8221;center&#8221; onclick=&#8221;custom_link&#8221; k=&#8221;#&#8221;]<\/div>[\/vc_column][\/vc_row]<\/p>\n","protected":false},"excerpt":{"rendered":"<p>[vc_row el_class=&#8221;home-slider&#8221;][vc_column][\/vc_column][\/vc_row][vc_row content_placement=&#8221;middle&#8221; wrap_container=&#8221;yes&#8221; css=&#8221;.vc_custom_1515747388671{margin-bottom: 30px !important;border-bottom-width: 1px !important;padding-right: 40px !important;padding-left: 40px !important;border-bottom-color: #e5e7e7 !important;border-bottom-style: solid !important;}&#8221; el_class=&#8221;home-bar&#8221;][vc_column width=&#8221;1\/3&#8243; css=&#8221;.vc_custom_1514333251618{padding-top: 20px !important;}&#8221; el_class=&#8221;col-sm-4&#8243;][\/vc_column][vc_column width=&#8221;1\/3&#8243; text_align=&#8221;center&#8221; css=&#8221;.vc_custom_1514333256445{border-right-width: 1px !important;border-left-width: 1px !important;padding-top: 20px !important;border-left-color: #ffffff !important;border-left-style: solid !important;border-right-color: #ffffff !important;border-right-style: solid !important;}&#8221; el_class=&#8221;col-sm-4&#8243;][\/vc_column][vc_column width=&#8221;1\/3&#8243; text_align=&#8221;center&#8221; css=&#8221;.vc_custom_1514333261342{padding-top: 20px !important;}&#8221; el_class=&#8221;col-sm-4&#8243;][\/vc_column][\/vc_row][vc_row][vc_column width=&#8221;1\/3&#8243;][vc_single_image image=&#8221;123110&#8243; img_size=&#8221;full&#8221; onclick=&#8221;custom_link&#8221; hover_effect=&#8221;yes&#8221; link=&#8221;http:\/\/mlcpower.ro\/categorie-produs\/opkon\/&#8221;][\/vc_column][vc_column width=&#8221;1\/3&#8243;][vc_single_image image=&#8221;124249&#8243; [&hellip;]<\/p>\n","protected":false},"author":2,"featured_media":0,"parent":0,"menu_order":0,"comment_status":"closed","ping_status":"closed","template":"","meta":{"footnotes":""},"class_list":["post-123232","page","type-page","status-publish","hentry"],"_links":{"self":[{"href":"https:\/\/mlcpower.ro\/hu\/wp-json\/wp\/v2\/pages\/123232","targetHints":{"allow":["GET"]}}],"collection":[{"href":"https:\/\/mlcpower.ro\/hu\/wp-json\/wp\/v2\/pages"}],"about":[{"href":"https:\/\/mlcpower.ro\/hu\/wp-json\/wp\/v2\/types\/page"}],"author":[{"embeddable":true,"href":"https:\/\/mlcpower.ro\/hu\/wp-json\/wp\/v2\/users\/2"}],"replies":[{"embeddable":true,"href":"https:\/\/mlcpower.ro\/hu\/wp-json\/wp\/v2\/comments?post=123232"}],"version-history":[{"count":2,"href":"https:\/\/mlcpower.ro\/hu\/wp-json\/wp\/v2\/pages\/123232\/revisions"}],"predecessor-version":[{"id":124251,"href":"https:\/\/mlcpower.ro\/hu\/wp-json\/wp\/v2\/pages\/123232\/revisions\/124251"}],"wp:attachment":[{"href":"https:\/\/mlcpower.ro\/hu\/wp-json\/wp\/v2\/media?parent=123232"}],"curies":[{"name":"wp","href":"https:\/\/api.w.org\/{rel}","templated":true}]}}